{"id":21,"date":"2016-06-02T12:19:20","date_gmt":"2016-06-02T12:19:20","guid":{"rendered":"https:\/\/shopmen.hestiacollectioncompetition.com\/?page_id=21"},"modified":"2023-08-04T22:07:12","modified_gmt":"2023-08-04T22:07:12","slug":"about-us","status":"publish","type":"page","link":"https:\/\/interesting-banach.172-93-104-170.plesk.page\/index.php\/about-us\/","title":{"rendered":"About Us"},"content":{"rendered":"<p>[vc_row][vc_column][vc_empty_space height=&#8221;1em&#8221;]<div class=\"sc_section sc_section_block margin_top_huge aligncenter\"><div class=\"sc_section_inner\"><div class=\"sc_section_content_wrap\"><figure class=\"sc_image  sc_image_shape_square margin_top_medium\"><img decoding=\"async\" src=\"https:\/\/interesting-banach.172-93-104-170.plesk.page\/wp-content\/uploads\/2023\/08\/Objeto_inteligente_vectorial.png\" alt=\"Objeto_inteligente_vectorial\" \/><\/figure><\/div><\/div><\/div><h3 class=\"sc_title sc_title_regular sc_align_center margin_top_large margin_bottom_small\" style=\"text-align:center;\">Quienes somos<\/h3><div class=\"sc_section sc_section_block  aligncenter\"><div class=\"sc_section_inner\"><div class=\"sc_section_content_wrap\">[vc_column_text]<\/p>\n<div class=\"et_pb_column et_pb_column_1_2 et_pb_column_0 et_pb_css_mix_blend_mode_passthrough\">\n<div class=\"et_pb_module et_pb_text et_pb_text_0 et_pb_text_align_center et_pb_bg_layout_light\">\n<div class=\"et_pb_text_inner\">\n<p style=\"text-align: center;\">HESTIA es una marca de Atletas para los atletas nos identificamos contigo y tu proceso. bikinis, zapatillas, accesorios, posadores, batas y todo para tu competencia de culturismo y fitness tenemos una amplia colecci\u00f3n de todos los estilos, dise\u00f1os y colores.<\/p>\n<\/div>\n<\/div>\n<\/div>\n<p>[\/vc_column_text]<\/div><\/div><\/div>[\/vc_column][\/vc_row][vc_row full_width=&#8221;stretch_row_content_no_spaces&#8221;][vc_column]<div class=\"sc_line sc_line_position_center_center sc_line_style_solid margin_bottom_null\" style=\"border-top-width:1px;border-top-style:solid;border-top-color:#ececec;\"><\/div>[\/vc_column][\/vc_row][vc_row full_width=&#8221;stretch_row&#8221; css=&#8221;.vc_custom_1465202997658{background-color: #f5f5f5 !important;}&#8221;][vc_column][vc_empty_space height=&#8221;0.5em&#8221;]<div id=\"sc_testimonials_2026564778\" class=\"sc_testimonials sc_testimonials_style_testimonials-1  margin_top_extra margin_bottom_huge\" style=\"width:100%;\"><div class=\"sc_slider_swiper swiper-slider-container sc_slider_nopagination sc_slider_controls sc_slider_controls_side\" data-interval=\"5315\" data-slides-min-width=\"250\"><div class=\"slides swiper-wrapper\"><div class=\"swiper-slide\" data-style=\"width:100%;\" style=\"width:100%;\">\t\t\t<div id=\"sc_testimonials_2026564778_1\" class=\"sc_testimonial_item\">\n\t\t\t\t<div class=\"sc_testimonial_content\"><p>Me encanta este sitio web.\u00a0 Tiene una gran selecci\u00f3n de productos deportivos, innovadores y de moda.\u00a0 \u00a1Ser\u00e9 un cliente recurrente para siempre!\u00a0 \u00a1Especialmente porque el env\u00edo es tan r\u00e1pido y c\u00f3modo!<\/p><\/div>\n\t\t\t\t\t\t\t\t\t\t\t\t<div class=\"sc_testimonial_author\"><span class=\"sc_testimonial_author_name\">Adam Blackwell<\/span><\/div>\n\t\t\t\t\t\t\t<\/div>\n\t\t<\/div><div class=\"swiper-slide\" data-style=\"width:100%;\" style=\"width:100%;\">\t\t\t<div id=\"sc_testimonials_2026564778_2\" class=\"sc_testimonial_item\">\n\t\t\t\t<div class=\"sc_testimonial_content\"><p>Ped\u00ed algunos baggiess\u00a0 y qued\u00e9 muy satisfecho con el tiempo de env\u00edo r\u00e1pido, la excelente comunicaci\u00f3n por parte del operador y el empaque cuando llegaron los productos.\u00a0 Ordenar\u00e9 de ellos otra vez.<\/p><\/div>\n\t\t\t\t\t\t\t\t\t\t\t\t<div class=\"sc_testimonial_author\"><span class=\"sc_testimonial_author_name\">Gary Allison<\/span><\/div>\n\t\t\t\t\t\t\t<\/div>\n\t\t<\/div><div class=\"swiper-slide\" data-style=\"width:100%;\" style=\"width:100%;\">\t\t\t<div id=\"sc_testimonials_2026564778_3\" class=\"sc_testimonial_item\">\n\t\t\t\t<div class=\"sc_testimonial_content\"><p>He estado comprando baggies en esta tienda para mi.\u00a0 Los muchachos de la tienda saben exactamente lo que necesitamos y queremos y siempre est\u00e1n a la moda.\u00a0 \u00a1Los recomiendo totalmente!<\/p><\/div>\n\t\t\t\t\t\t\t\t\t\t\t\t<div class=\"sc_testimonial_author\"><span class=\"sc_testimonial_author_name\">Herbert King<\/span><\/div>\n\t\t\t\t\t\t\t<\/div>\n\t\t<\/div><\/div><div class=\"sc_slider_controls_wrap\"><a class=\"sc_slider_prev\" href=\"#\"><\/a><a class=\"sc_slider_next\" href=\"#\"><\/a><\/div><div class=\"sc_slider_pagination_wrap\"><\/div><\/div><\/div>[\/vc_column][\/vc_row]<\/p>\n","protected":false},"excerpt":{"rendered":"<p>[vc_row][vc_column][vc_empty_space height=&#8221;1em&#8221;][\/vc_column][\/vc_row][vc_row full_width=&#8221;stretch_row_content_no_spaces&#8221;][vc_column][\/vc_column][\/vc_row][vc_row full_width=&#8221;stretch_row&#8221; css=&#8221;.vc_custom_1465202997658{background-color: #f5f5f5 !important;}&#8221;][vc_column][vc_empty_space height=&#8221;0.5em&#8221;][\/vc_column][\/vc_row]<\/p>\n","protected":false},"author":1,"featured_media":0,"parent":0,"menu_order":0,"comment_status":"closed","ping_status":"closed","template":"","meta":{"footnotes":""},"class_list":["post-21","page","type-page","status-publish","hentry"],"_links":{"self":[{"href":"https:\/\/interesting-banach.172-93-104-170.plesk.page\/index.php\/wp-json\/wp\/v2\/pages\/21","targetHints":{"allow":["GET"]}}],"collection":[{"href":"https:\/\/interesting-banach.172-93-104-170.plesk.page\/index.php\/wp-json\/wp\/v2\/pages"}],"about":[{"href":"https:\/\/interesting-banach.172-93-104-170.plesk.page\/index.php\/wp-json\/wp\/v2\/types\/page"}],"author":[{"embeddable":true,"href":"https:\/\/interesting-banach.172-93-104-170.plesk.page\/index.php\/wp-json\/wp\/v2\/users\/1"}],"replies":[{"embeddable":true,"href":"https:\/\/interesting-banach.172-93-104-170.plesk.page\/index.php\/wp-json\/wp\/v2\/comments?post=21"}],"version-history":[{"count":1,"href":"https:\/\/interesting-banach.172-93-104-170.plesk.page\/index.php\/wp-json\/wp\/v2\/pages\/21\/revisions"}],"predecessor-version":[{"id":1240,"href":"https:\/\/interesting-banach.172-93-104-170.plesk.page\/index.php\/wp-json\/wp\/v2\/pages\/21\/revisions\/1240"}],"wp:attachment":[{"href":"https:\/\/interesting-banach.172-93-104-170.plesk.page\/index.php\/wp-json\/wp\/v2\/media?parent=21"}],"curies":[{"name":"wp","href":"https:\/\/api.w.org\/{rel}","templated":true}]}}