{"id":1152,"date":"2023-08-04T05:10:53","date_gmt":"2023-08-04T05:10:53","guid":{"rendered":"https:\/\/shopmen.hestiacollectioncompetition.com\/?post_type=product&#038;p=1152"},"modified":"2023-09-07T06:11:42","modified_gmt":"2023-09-07T06:11:42","slug":"blue-and-white","status":"publish","type":"product","link":"https:\/\/interesting-banach.172-93-104-170.plesk.page\/index.php\/product\/blue-and-white\/","title":{"rendered":"BLUE AND WHITE"},"content":{"rendered":"<p>\u00a1Descubre el secreto mejor guardado de los campeones del culturismo de Men&#8217;s Physique! Presentamos el baggie BLUE AND WHITE, el arma secreta que te har\u00e1 destacar en el escenario como nunca antes. Con un dise\u00f1o innovador y una combinaci\u00f3n de colores que robar\u00e1 miradas, este baggie hecho a medida realzar\u00e1 tus m\u00fasculos y forma corporal, d\u00e1ndote la confianza para brillar en cada competici\u00f3n. \u00a1No esperes m\u00e1s para elevar tu rendimiento y lograr tus metas en el culturismo! HESTIA PRO: donde el estilo y la excelencia atl\u00e9tica se unen. \u00a1Hazte con el tuyo ahora y prep\u00e1rate para ser el centro de atenci\u00f3n!<\/p>\n","protected":false},"excerpt":{"rendered":"<p>\u00a1Descubre el secreto mejor guardado de los campeones del culturismo de Men&#8217;s Physique! Presentamos el baggie BLUE AND WHITE, el arma secreta que te har\u00e1 destacar en el escenario como nunca antes. Con un dise\u00f1o innovador y una combinaci\u00f3n de colores que robar\u00e1 miradas, este baggie hecho a medida realzar\u00e1 tus m\u00fasculos y forma corporal, [&hellip;]<\/p>\n","protected":false},"featured_media":1153,"comment_status":"open","ping_status":"closed","template":"","meta":[],"product_cat":[83],"product_tag":[],"class_list":["post-1152","product","type-product","status-publish","has-post-thumbnail","hentry","product_cat-baggies"],"_links":{"self":[{"href":"https:\/\/interesting-banach.172-93-104-170.plesk.page\/index.php\/wp-json\/wp\/v2\/product\/1152","targetHints":{"allow":["GET"]}}],"collection":[{"href":"https:\/\/interesting-banach.172-93-104-170.plesk.page\/index.php\/wp-json\/wp\/v2\/product"}],"about":[{"href":"https:\/\/interesting-banach.172-93-104-170.plesk.page\/index.php\/wp-json\/wp\/v2\/types\/product"}],"replies":[{"embeddable":true,"href":"https:\/\/interesting-banach.172-93-104-170.plesk.page\/index.php\/wp-json\/wp\/v2\/comments?post=1152"}],"wp:featuredmedia":[{"embeddable":true,"href":"https:\/\/interesting-banach.172-93-104-170.plesk.page\/index.php\/wp-json\/wp\/v2\/media\/1153"}],"wp:attachment":[{"href":"https:\/\/interesting-banach.172-93-104-170.plesk.page\/index.php\/wp-json\/wp\/v2\/media?parent=1152"}],"wp:term":[{"taxonomy":"product_cat","embeddable":true,"href":"https:\/\/interesting-banach.172-93-104-170.plesk.page\/index.php\/wp-json\/wp\/v2\/product_cat?post=1152"},{"taxonomy":"product_tag","embeddable":true,"href":"https:\/\/interesting-banach.172-93-104-170.plesk.page\/index.php\/wp-json\/wp\/v2\/product_tag?post=1152"}],"curies":[{"name":"wp","href":"https:\/\/api.w.org\/{rel}","templated":true}]}}