{"id":1158,"date":"2023-08-04T05:55:06","date_gmt":"2023-08-04T05:55:06","guid":{"rendered":"https:\/\/shopmen.hestiacollectioncompetition.com\/?post_type=product&#038;p=1158"},"modified":"2023-09-07T06:09:23","modified_gmt":"2023-09-07T06:09:23","slug":"black-orange","status":"publish","type":"product","link":"https:\/\/interesting-banach.172-93-104-170.plesk.page\/index.php\/product\/black-orange\/","title":{"rendered":"BLACK ORANGE"},"content":{"rendered":"<p>\u00a1Descubre el poder de BLACK ORANGE Baggie y conquista el escenario de Men&#8217;s Physique como nunca antes!<\/p>\n<p>Este baggie de dise\u00f1o \u00fanico combina el misterio del negro con la energ\u00eda del naranja para resaltar cada m\u00fasculo de tu cuerpo con un estilo inigualable.<\/p>\n<p>Hecho a medida para un ajuste perfecto, BLACK ORANGE Baggie te proporcionar\u00e1 la comodidad necesaria para darlo todo en cada pose y demostrar tu destreza atl\u00e9tica.<\/p>\n","protected":false},"excerpt":{"rendered":"<p>\u00a1Descubre el poder de BLACK ORANGE Baggie y conquista el escenario de Men&#8217;s Physique como nunca antes! Este baggie de dise\u00f1o \u00fanico combina el misterio del negro con la energ\u00eda del naranja para resaltar cada m\u00fasculo de tu cuerpo con un estilo inigualable. Hecho a medida para un ajuste perfecto, BLACK ORANGE Baggie te proporcionar\u00e1 [&hellip;]<\/p>\n","protected":false},"featured_media":1160,"comment_status":"open","ping_status":"closed","template":"","meta":[],"product_cat":[83],"product_tag":[],"class_list":["post-1158","product","type-product","status-publish","has-post-thumbnail","hentry","product_cat-baggies"],"_links":{"self":[{"href":"https:\/\/interesting-banach.172-93-104-170.plesk.page\/index.php\/wp-json\/wp\/v2\/product\/1158","targetHints":{"allow":["GET"]}}],"collection":[{"href":"https:\/\/interesting-banach.172-93-104-170.plesk.page\/index.php\/wp-json\/wp\/v2\/product"}],"about":[{"href":"https:\/\/interesting-banach.172-93-104-170.plesk.page\/index.php\/wp-json\/wp\/v2\/types\/product"}],"replies":[{"embeddable":true,"href":"https:\/\/interesting-banach.172-93-104-170.plesk.page\/index.php\/wp-json\/wp\/v2\/comments?post=1158"}],"wp:featuredmedia":[{"embeddable":true,"href":"https:\/\/interesting-banach.172-93-104-170.plesk.page\/index.php\/wp-json\/wp\/v2\/media\/1160"}],"wp:attachment":[{"href":"https:\/\/interesting-banach.172-93-104-170.plesk.page\/index.php\/wp-json\/wp\/v2\/media?parent=1158"}],"wp:term":[{"taxonomy":"product_cat","embeddable":true,"href":"https:\/\/interesting-banach.172-93-104-170.plesk.page\/index.php\/wp-json\/wp\/v2\/product_cat?post=1158"},{"taxonomy":"product_tag","embeddable":true,"href":"https:\/\/interesting-banach.172-93-104-170.plesk.page\/index.php\/wp-json\/wp\/v2\/product_tag?post=1158"}],"curies":[{"name":"wp","href":"https:\/\/api.w.org\/{rel}","templated":true}]}}