{"id":1165,"date":"2023-08-04T06:11:24","date_gmt":"2023-08-04T06:11:24","guid":{"rendered":"https:\/\/shopmen.hestiacollectioncompetition.com\/?post_type=product&#038;p=1165"},"modified":"2023-09-07T06:17:25","modified_gmt":"2023-09-07T06:17:25","slug":"black-blue","status":"publish","type":"product","link":"https:\/\/interesting-banach.172-93-104-170.plesk.page\/index.php\/product\/black-blue\/","title":{"rendered":"BLACK BLUE"},"content":{"rendered":"<div class=\"text-xs flex items-center justify-center gap-1 invisible absolute left-0 top-2 -ml-4 -translate-x-full group-hover:visible !invisible\"><\/div>\n<div class=\"flex flex-grow flex-col gap-3\">\n<div class=\"min-h-[20px] flex flex-col items-start gap-3 overflow-x-auto whitespace-pre-wrap break-words\">\n<div class=\"markdown prose w-full break-words dark:prose-invert dark\">\n<p>\u00a1El poder del oc\u00e9ano y la fuerza de la noche se unen en BLACK BLUE Baggie, el arma secreta de los campeones del culturismo de Men&#8217;s Physique!<\/p>\n<p>Con su dise\u00f1o vanguardista y la combinaci\u00f3n de colores hipnotizantes, BLACK BLUE Baggie te convertir\u00e1 en el centro de todas las miradas en el escenario. Destaca tus m\u00fasculos con un estilo \u00fanico y muestra tu confianza mientras te enfrentas a la competencia.<\/p>\n<\/div>\n<\/div>\n<\/div>\n","protected":false},"excerpt":{"rendered":"<p>\u00a1El poder del oc\u00e9ano y la fuerza de la noche se unen en BLACK BLUE Baggie, el arma secreta de los campeones del culturismo de Men&#8217;s Physique! Con su dise\u00f1o vanguardista y la combinaci\u00f3n de colores hipnotizantes, BLACK BLUE Baggie te convertir\u00e1 en el centro de todas las miradas en el escenario. Destaca tus m\u00fasculos [&hellip;]<\/p>\n","protected":false},"featured_media":1166,"comment_status":"open","ping_status":"closed","template":"","meta":[],"product_cat":[83],"product_tag":[],"class_list":["post-1165","product","type-product","status-publish","has-post-thumbnail","hentry","product_cat-baggies"],"_links":{"self":[{"href":"https:\/\/interesting-banach.172-93-104-170.plesk.page\/index.php\/wp-json\/wp\/v2\/product\/1165","targetHints":{"allow":["GET"]}}],"collection":[{"href":"https:\/\/interesting-banach.172-93-104-170.plesk.page\/index.php\/wp-json\/wp\/v2\/product"}],"about":[{"href":"https:\/\/interesting-banach.172-93-104-170.plesk.page\/index.php\/wp-json\/wp\/v2\/types\/product"}],"replies":[{"embeddable":true,"href":"https:\/\/interesting-banach.172-93-104-170.plesk.page\/index.php\/wp-json\/wp\/v2\/comments?post=1165"}],"wp:featuredmedia":[{"embeddable":true,"href":"https:\/\/interesting-banach.172-93-104-170.plesk.page\/index.php\/wp-json\/wp\/v2\/media\/1166"}],"wp:attachment":[{"href":"https:\/\/interesting-banach.172-93-104-170.plesk.page\/index.php\/wp-json\/wp\/v2\/media?parent=1165"}],"wp:term":[{"taxonomy":"product_cat","embeddable":true,"href":"https:\/\/interesting-banach.172-93-104-170.plesk.page\/index.php\/wp-json\/wp\/v2\/product_cat?post=1165"},{"taxonomy":"product_tag","embeddable":true,"href":"https:\/\/interesting-banach.172-93-104-170.plesk.page\/index.php\/wp-json\/wp\/v2\/product_tag?post=1165"}],"curies":[{"name":"wp","href":"https:\/\/api.w.org\/{rel}","templated":true}]}}