{"id":1181,"date":"2023-08-04T06:26:13","date_gmt":"2023-08-04T06:26:13","guid":{"rendered":"https:\/\/shopmen.hestiacollectioncompetition.com\/?post_type=product&#038;p=1181"},"modified":"2023-09-07T05:27:25","modified_gmt":"2023-09-07T05:27:25","slug":"black-red","status":"publish","type":"product","link":"https:\/\/interesting-banach.172-93-104-170.plesk.page\/index.php\/product\/black-red\/","title":{"rendered":"BLACK RED"},"content":{"rendered":"<p>\u00a1Entra en el escenario con una pasi\u00f3n ardiente y domina cada competici\u00f3n con BLACK RED Baggie, el arma secreta de los campeones del culturismo de Men&#8217;s Physique!<\/p>\n<p>El BLACK RED Baggie fusiona la intensidad del rojo con la elegancia del negro, creando una combinaci\u00f3n explosiva que resaltar\u00e1 tus m\u00fasculos y te dar\u00e1 una apariencia imponente.<\/p>\n<p>Confeccionado con los mejores materiales y dise\u00f1ado a medida para un ajuste perfecto, BLACK RED Baggie te brinda la comodidad y libertad de movimiento necesarias para mostrar tu mejor f\u00edsico en el escenario.<\/p>\n","protected":false},"excerpt":{"rendered":"<p>\u00a1Entra en el escenario con una pasi\u00f3n ardiente y domina cada competici\u00f3n con BLACK RED Baggie, el arma secreta de los campeones del culturismo de Men&#8217;s Physique! El BLACK RED Baggie fusiona la intensidad del rojo con la elegancia del negro, creando una combinaci\u00f3n explosiva que resaltar\u00e1 tus m\u00fasculos y te dar\u00e1 una apariencia imponente. [&hellip;]<\/p>\n","protected":false},"featured_media":1182,"comment_status":"open","ping_status":"closed","template":"","meta":[],"product_cat":[83],"product_tag":[],"class_list":["post-1181","product","type-product","status-publish","has-post-thumbnail","hentry","product_cat-baggies"],"_links":{"self":[{"href":"https:\/\/interesting-banach.172-93-104-170.plesk.page\/index.php\/wp-json\/wp\/v2\/product\/1181","targetHints":{"allow":["GET"]}}],"collection":[{"href":"https:\/\/interesting-banach.172-93-104-170.plesk.page\/index.php\/wp-json\/wp\/v2\/product"}],"about":[{"href":"https:\/\/interesting-banach.172-93-104-170.plesk.page\/index.php\/wp-json\/wp\/v2\/types\/product"}],"replies":[{"embeddable":true,"href":"https:\/\/interesting-banach.172-93-104-170.plesk.page\/index.php\/wp-json\/wp\/v2\/comments?post=1181"}],"wp:featuredmedia":[{"embeddable":true,"href":"https:\/\/interesting-banach.172-93-104-170.plesk.page\/index.php\/wp-json\/wp\/v2\/media\/1182"}],"wp:attachment":[{"href":"https:\/\/interesting-banach.172-93-104-170.plesk.page\/index.php\/wp-json\/wp\/v2\/media?parent=1181"}],"wp:term":[{"taxonomy":"product_cat","embeddable":true,"href":"https:\/\/interesting-banach.172-93-104-170.plesk.page\/index.php\/wp-json\/wp\/v2\/product_cat?post=1181"},{"taxonomy":"product_tag","embeddable":true,"href":"https:\/\/interesting-banach.172-93-104-170.plesk.page\/index.php\/wp-json\/wp\/v2\/product_tag?post=1181"}],"curies":[{"name":"wp","href":"https:\/\/api.w.org\/{rel}","templated":true}]}}