{"id":1188,"date":"2023-08-04T06:34:56","date_gmt":"2023-08-04T06:34:56","guid":{"rendered":"https:\/\/shopmen.hestiacollectioncompetition.com\/?post_type=product&#038;p=1188"},"modified":"2023-09-07T06:13:46","modified_gmt":"2023-09-07T06:13:46","slug":"ultra-blue","status":"publish","type":"product","link":"https:\/\/interesting-banach.172-93-104-170.plesk.page\/index.php\/product\/ultra-blue\/","title":{"rendered":"ULTRA BLUE"},"content":{"rendered":"<div class=\"flex flex-grow flex-col gap-3\">\n<div class=\"min-h-[20px] flex flex-col items-start gap-3 overflow-x-auto whitespace-pre-wrap break-words\">\n<div class=\"markdown prose w-full break-words dark:prose-invert dark\">\n<p>\u00a1Potencia tu rendimiento y lleva tu f\u00edsico al siguiente nivel con ULTRA BLUE Baggie, la elecci\u00f3n definitiva para competidores de Men&#8217;s Physique!<\/p>\n<p>Este baggie de dise\u00f1o vanguardista te ofrece un ajuste perfecto y una libertad de movimiento sin igual. Con su color ULTRA BLUE llamativo y moderno, destacar\u00e1s en el escenario y dejar\u00e1s una impresi\u00f3n duradera.<\/p>\n<p>Fabricado con los mejores materiales para garantizar durabilidad y comodidad, ULTRA BLUE Baggie te dar\u00e1 la confianza necesaria para lucir tu mejor versi\u00f3n y enfrentarte a la competencia con determinaci\u00f3n.<\/p>\n<\/div>\n<\/div>\n<\/div>\n","protected":false},"excerpt":{"rendered":"<p>\u00a1Potencia tu rendimiento y lleva tu f\u00edsico al siguiente nivel con ULTRA BLUE Baggie, la elecci\u00f3n definitiva para competidores de Men&#8217;s Physique! Este baggie de dise\u00f1o vanguardista te ofrece un ajuste perfecto y una libertad de movimiento sin igual. Con su color ULTRA BLUE llamativo y moderno, destacar\u00e1s en el escenario y dejar\u00e1s una impresi\u00f3n [&hellip;]<\/p>\n","protected":false},"featured_media":1189,"comment_status":"open","ping_status":"closed","template":"","meta":[],"product_cat":[83],"product_tag":[],"class_list":["post-1188","product","type-product","status-publish","has-post-thumbnail","hentry","product_cat-baggies"],"_links":{"self":[{"href":"https:\/\/interesting-banach.172-93-104-170.plesk.page\/index.php\/wp-json\/wp\/v2\/product\/1188","targetHints":{"allow":["GET"]}}],"collection":[{"href":"https:\/\/interesting-banach.172-93-104-170.plesk.page\/index.php\/wp-json\/wp\/v2\/product"}],"about":[{"href":"https:\/\/interesting-banach.172-93-104-170.plesk.page\/index.php\/wp-json\/wp\/v2\/types\/product"}],"replies":[{"embeddable":true,"href":"https:\/\/interesting-banach.172-93-104-170.plesk.page\/index.php\/wp-json\/wp\/v2\/comments?post=1188"}],"wp:featuredmedia":[{"embeddable":true,"href":"https:\/\/interesting-banach.172-93-104-170.plesk.page\/index.php\/wp-json\/wp\/v2\/media\/1189"}],"wp:attachment":[{"href":"https:\/\/interesting-banach.172-93-104-170.plesk.page\/index.php\/wp-json\/wp\/v2\/media?parent=1188"}],"wp:term":[{"taxonomy":"product_cat","embeddable":true,"href":"https:\/\/interesting-banach.172-93-104-170.plesk.page\/index.php\/wp-json\/wp\/v2\/product_cat?post=1188"},{"taxonomy":"product_tag","embeddable":true,"href":"https:\/\/interesting-banach.172-93-104-170.plesk.page\/index.php\/wp-json\/wp\/v2\/product_tag?post=1188"}],"curies":[{"name":"wp","href":"https:\/\/api.w.org\/{rel}","templated":true}]}}