{"id":1193,"date":"2023-08-04T06:42:23","date_gmt":"2023-08-04T06:42:23","guid":{"rendered":"https:\/\/shopmen.hestiacollectioncompetition.com\/?post_type=product&#038;p=1193"},"modified":"2023-09-07T06:15:12","modified_gmt":"2023-09-07T06:15:12","slug":"premium-hestia","status":"publish","type":"product","link":"https:\/\/interesting-banach.172-93-104-170.plesk.page\/index.php\/product\/premium-hestia\/","title":{"rendered":"PREMIUM HESTIA"},"content":{"rendered":"<p>\u00a1Bienvenidos al mundo de los campeones con PREMIUM HESTIA Baggie, la m\u00e1xima expresi\u00f3n de la excelencia en el culturismo de Men&#8217;s Physique!<\/p>\n<p>Dise\u00f1ado con precisi\u00f3n para realzar tus atributos f\u00edsicos, PREMIUM HESTIA Baggie te brinda un ajuste perfecto y una sensaci\u00f3n de comodidad inigualable. Su dise\u00f1o vanguardista y elegante te har\u00e1 destacar en el escenario, capturando todas las miradas.<\/p>\n<p>Fabricado con los materiales m\u00e1s finos y tecnolog\u00eda de punta, este baggie te brinda una libertad de movimiento \u00fanica para expresar todo tu potencial atl\u00e9tico en cada pose.<\/p>\n","protected":false},"excerpt":{"rendered":"<p>\u00a1Bienvenidos al mundo de los campeones con PREMIUM HESTIA Baggie, la m\u00e1xima expresi\u00f3n de la excelencia en el culturismo de Men&#8217;s Physique! Dise\u00f1ado con precisi\u00f3n para realzar tus atributos f\u00edsicos, PREMIUM HESTIA Baggie te brinda un ajuste perfecto y una sensaci\u00f3n de comodidad inigualable. Su dise\u00f1o vanguardista y elegante te har\u00e1 destacar en el escenario, [&hellip;]<\/p>\n","protected":false},"featured_media":1194,"comment_status":"open","ping_status":"closed","template":"","meta":[],"product_cat":[83],"product_tag":[],"class_list":["post-1193","product","type-product","status-publish","has-post-thumbnail","hentry","product_cat-baggies"],"_links":{"self":[{"href":"https:\/\/interesting-banach.172-93-104-170.plesk.page\/index.php\/wp-json\/wp\/v2\/product\/1193","targetHints":{"allow":["GET"]}}],"collection":[{"href":"https:\/\/interesting-banach.172-93-104-170.plesk.page\/index.php\/wp-json\/wp\/v2\/product"}],"about":[{"href":"https:\/\/interesting-banach.172-93-104-170.plesk.page\/index.php\/wp-json\/wp\/v2\/types\/product"}],"replies":[{"embeddable":true,"href":"https:\/\/interesting-banach.172-93-104-170.plesk.page\/index.php\/wp-json\/wp\/v2\/comments?post=1193"}],"wp:featuredmedia":[{"embeddable":true,"href":"https:\/\/interesting-banach.172-93-104-170.plesk.page\/index.php\/wp-json\/wp\/v2\/media\/1194"}],"wp:attachment":[{"href":"https:\/\/interesting-banach.172-93-104-170.plesk.page\/index.php\/wp-json\/wp\/v2\/media?parent=1193"}],"wp:term":[{"taxonomy":"product_cat","embeddable":true,"href":"https:\/\/interesting-banach.172-93-104-170.plesk.page\/index.php\/wp-json\/wp\/v2\/product_cat?post=1193"},{"taxonomy":"product_tag","embeddable":true,"href":"https:\/\/interesting-banach.172-93-104-170.plesk.page\/index.php\/wp-json\/wp\/v2\/product_tag?post=1193"}],"curies":[{"name":"wp","href":"https:\/\/api.w.org\/{rel}","templated":true}]}}