{"id":1201,"date":"2023-08-04T06:49:55","date_gmt":"2023-08-04T06:49:55","guid":{"rendered":"https:\/\/shopmen.hestiacollectioncompetition.com\/?post_type=product&#038;p=1201"},"modified":"2023-09-07T06:16:24","modified_gmt":"2023-09-07T06:16:24","slug":"ultra-degraded","status":"publish","type":"product","link":"https:\/\/interesting-banach.172-93-104-170.plesk.page\/index.php\/product\/ultra-degraded\/","title":{"rendered":"ULTRA DEGRADED"},"content":{"rendered":"<p>\u00a1Descubre el poder de ULTRA DEGRADED Baggie y lleva tu f\u00edsico a un nivel insuperable en el mundo del culturismo de Men&#8217;s Physique!<\/p>\n<p>Con su dise\u00f1o degradado \u00fanico y moderno, este baggie te permitir\u00e1 destacar como una verdadera estrella en el escenario. Resalta tus m\u00fasculos y forma corporal con estilo y actitud.<\/p>\n<p>Fabricado con materiales de primera calidad y un ajuste a medida, ULTRA DEGRADED Baggie te brinda la comodidad y libertad de movimiento necesarias para mostrar tu mejor rendimiento.<\/p>\n","protected":false},"excerpt":{"rendered":"<p>\u00a1Descubre el poder de ULTRA DEGRADED Baggie y lleva tu f\u00edsico a un nivel insuperable en el mundo del culturismo de Men&#8217;s Physique! Con su dise\u00f1o degradado \u00fanico y moderno, este baggie te permitir\u00e1 destacar como una verdadera estrella en el escenario. Resalta tus m\u00fasculos y forma corporal con estilo y actitud. Fabricado con materiales [&hellip;]<\/p>\n","protected":false},"featured_media":1202,"comment_status":"open","ping_status":"closed","template":"","meta":[],"product_cat":[83],"product_tag":[],"class_list":["post-1201","product","type-product","status-publish","has-post-thumbnail","hentry","product_cat-baggies"],"_links":{"self":[{"href":"https:\/\/interesting-banach.172-93-104-170.plesk.page\/index.php\/wp-json\/wp\/v2\/product\/1201","targetHints":{"allow":["GET"]}}],"collection":[{"href":"https:\/\/interesting-banach.172-93-104-170.plesk.page\/index.php\/wp-json\/wp\/v2\/product"}],"about":[{"href":"https:\/\/interesting-banach.172-93-104-170.plesk.page\/index.php\/wp-json\/wp\/v2\/types\/product"}],"replies":[{"embeddable":true,"href":"https:\/\/interesting-banach.172-93-104-170.plesk.page\/index.php\/wp-json\/wp\/v2\/comments?post=1201"}],"wp:featuredmedia":[{"embeddable":true,"href":"https:\/\/interesting-banach.172-93-104-170.plesk.page\/index.php\/wp-json\/wp\/v2\/media\/1202"}],"wp:attachment":[{"href":"https:\/\/interesting-banach.172-93-104-170.plesk.page\/index.php\/wp-json\/wp\/v2\/media?parent=1201"}],"wp:term":[{"taxonomy":"product_cat","embeddable":true,"href":"https:\/\/interesting-banach.172-93-104-170.plesk.page\/index.php\/wp-json\/wp\/v2\/product_cat?post=1201"},{"taxonomy":"product_tag","embeddable":true,"href":"https:\/\/interesting-banach.172-93-104-170.plesk.page\/index.php\/wp-json\/wp\/v2\/product_tag?post=1201"}],"curies":[{"name":"wp","href":"https:\/\/api.w.org\/{rel}","templated":true}]}}