{"id":1264,"date":"2023-08-08T19:42:12","date_gmt":"2023-08-08T19:42:12","guid":{"rendered":"https:\/\/shopmen.hestiacollectioncompetition.com\/?post_type=product&#038;p=1264"},"modified":"2023-09-07T06:36:38","modified_gmt":"2023-09-07T06:36:38","slug":"black-orange-2","status":"publish","type":"product","link":"https:\/\/interesting-banach.172-93-104-170.plesk.page\/index.php\/product\/black-orange-2\/","title":{"rendered":"BLACK ORANGE"},"content":{"rendered":"<div class=\"flex flex-grow flex-col gap-3\">\n<div class=\"min-h-[20px] flex flex-col items-start gap-3 overflow-x-auto whitespace-pre-wrap break-words\">\n<div class=\"markdown prose w-full break-words dark:prose-invert dark\">\n<p style=\"text-align: center;\">Descubre el equilibrio perfecto entre audacia y estilo con el baggie Black Orange de Hestia Pro, especialmente dise\u00f1ado para los apasionados competidores de Culturismo Men&#8217;s Physique. Este baggie no es simplemente un accesorio; es la personificaci\u00f3n de tu determinaci\u00f3n en el escenario. Confeccionado con precisi\u00f3n y estilo, el Black Orange realza tus atributos f\u00edsicos mientras te brinda el soporte necesario para brillar en cada presentaci\u00f3n. Inspirado en la fusi\u00f3n \u00fanica de la potencia y la elegancia, este baggie te ofrece un ajuste incomparable que resalta tus logros y enfatiza tus cualidades atl\u00e9ticas. Equipado con compartimentos estrat\u00e9gicos dise\u00f1ados para acomodar todos tus elementos esenciales de competici\u00f3n, el Black Orange se convierte en tu herramienta indispensable para alcanzar la victoria. Eleva tu presencia en el escenario y haz una declaraci\u00f3n audaz de tu pasi\u00f3n y dedicaci\u00f3n llevando contigo el baggie Black Orange de Hestia Pro.<\/p>\n<\/div>\n<\/div>\n<\/div>\n","protected":false},"excerpt":{"rendered":"<p>Descubre el equilibrio perfecto entre audacia y estilo con el baggie Black Orange de Hestia Pro, especialmente dise\u00f1ado para los apasionados competidores de Culturismo Men&#8217;s Physique. Este baggie no es simplemente un accesorio; es la personificaci\u00f3n de tu determinaci\u00f3n en el escenario. Confeccionado con precisi\u00f3n y estilo, el Black Orange realza tus atributos f\u00edsicos mientras [&hellip;]<\/p>\n","protected":false},"featured_media":1267,"comment_status":"open","ping_status":"closed","template":"","meta":[],"product_cat":[83],"product_tag":[],"class_list":["post-1264","product","type-product","status-publish","has-post-thumbnail","hentry","product_cat-baggies"],"_links":{"self":[{"href":"https:\/\/interesting-banach.172-93-104-170.plesk.page\/index.php\/wp-json\/wp\/v2\/product\/1264","targetHints":{"allow":["GET"]}}],"collection":[{"href":"https:\/\/interesting-banach.172-93-104-170.plesk.page\/index.php\/wp-json\/wp\/v2\/product"}],"about":[{"href":"https:\/\/interesting-banach.172-93-104-170.plesk.page\/index.php\/wp-json\/wp\/v2\/types\/product"}],"replies":[{"embeddable":true,"href":"https:\/\/interesting-banach.172-93-104-170.plesk.page\/index.php\/wp-json\/wp\/v2\/comments?post=1264"}],"wp:featuredmedia":[{"embeddable":true,"href":"https:\/\/interesting-banach.172-93-104-170.plesk.page\/index.php\/wp-json\/wp\/v2\/media\/1267"}],"wp:attachment":[{"href":"https:\/\/interesting-banach.172-93-104-170.plesk.page\/index.php\/wp-json\/wp\/v2\/media?parent=1264"}],"wp:term":[{"taxonomy":"product_cat","embeddable":true,"href":"https:\/\/interesting-banach.172-93-104-170.plesk.page\/index.php\/wp-json\/wp\/v2\/product_cat?post=1264"},{"taxonomy":"product_tag","embeddable":true,"href":"https:\/\/interesting-banach.172-93-104-170.plesk.page\/index.php\/wp-json\/wp\/v2\/product_tag?post=1264"}],"curies":[{"name":"wp","href":"https:\/\/api.w.org\/{rel}","templated":true}]}}