{"id":1269,"date":"2023-08-08T19:44:30","date_gmt":"2023-08-08T19:44:30","guid":{"rendered":"https:\/\/shopmen.hestiacollectioncompetition.com\/?post_type=product&#038;p=1269"},"modified":"2023-09-07T06:32:45","modified_gmt":"2023-09-07T06:32:45","slug":"premium-orange","status":"publish","type":"product","link":"https:\/\/interesting-banach.172-93-104-170.plesk.page\/index.php\/product\/premium-orange\/","title":{"rendered":"PREMIUM ORANGE"},"content":{"rendered":"<div class=\"flex flex-grow flex-col gap-3\">\n<div class=\"min-h-[20px] flex flex-col items-start gap-3 overflow-x-auto whitespace-pre-wrap break-words\">\n<div class=\"markdown prose w-full break-words dark:prose-invert dark\">\n<p style=\"text-align: center;\">Sum\u00e9rgete en un mundo de elegancia y estilo impecable con el baggie Premium Orange de Hestia Pro, creado exclusivamente para los dedicados competidores de Culturismo Men&#8217;s Physique. Este baggie no es simplemente un accesorio; es una expresi\u00f3n de tu compromiso inquebrantable en el escenario. Dise\u00f1ado con precisi\u00f3n y distinci\u00f3n, el Premium Orange realza tus atributos f\u00edsicos mientras te brinda el soporte necesario para destacar en cada presentaci\u00f3n. Inspirado en la fusi\u00f3n de la sofisticaci\u00f3n y la vitalidad, este baggie te ofrece un ajuste incomparable que acent\u00faa tus logros y resalta tus cualidades atl\u00e9ticas. Equipado con compartimentos estrat\u00e9gicos dise\u00f1ados para acomodar todos tus elementos esenciales de competici\u00f3n, el Premium Orange se convierte en tu herramienta esencial para conquistar la victoria. Eleva tu presencia en el escenario y deja una impresi\u00f3n perdurable de distinci\u00f3n y dedicaci\u00f3n llevando contigo el baggie Premium Orange de Hestia Pro.<\/p>\n<\/div>\n<\/div>\n<\/div>\n","protected":false},"excerpt":{"rendered":"<p>Sum\u00e9rgete en un mundo de elegancia y estilo impecable con el baggie Premium Orange de Hestia Pro, creado exclusivamente para los dedicados competidores de Culturismo Men&#8217;s Physique. Este baggie no es simplemente un accesorio; es una expresi\u00f3n de tu compromiso inquebrantable en el escenario. Dise\u00f1ado con precisi\u00f3n y distinci\u00f3n, el Premium Orange realza tus atributos [&hellip;]<\/p>\n","protected":false},"featured_media":1272,"comment_status":"open","ping_status":"closed","template":"","meta":[],"product_cat":[83],"product_tag":[],"class_list":["post-1269","product","type-product","status-publish","has-post-thumbnail","hentry","product_cat-baggies"],"_links":{"self":[{"href":"https:\/\/interesting-banach.172-93-104-170.plesk.page\/index.php\/wp-json\/wp\/v2\/product\/1269","targetHints":{"allow":["GET"]}}],"collection":[{"href":"https:\/\/interesting-banach.172-93-104-170.plesk.page\/index.php\/wp-json\/wp\/v2\/product"}],"about":[{"href":"https:\/\/interesting-banach.172-93-104-170.plesk.page\/index.php\/wp-json\/wp\/v2\/types\/product"}],"replies":[{"embeddable":true,"href":"https:\/\/interesting-banach.172-93-104-170.plesk.page\/index.php\/wp-json\/wp\/v2\/comments?post=1269"}],"wp:featuredmedia":[{"embeddable":true,"href":"https:\/\/interesting-banach.172-93-104-170.plesk.page\/index.php\/wp-json\/wp\/v2\/media\/1272"}],"wp:attachment":[{"href":"https:\/\/interesting-banach.172-93-104-170.plesk.page\/index.php\/wp-json\/wp\/v2\/media?parent=1269"}],"wp:term":[{"taxonomy":"product_cat","embeddable":true,"href":"https:\/\/interesting-banach.172-93-104-170.plesk.page\/index.php\/wp-json\/wp\/v2\/product_cat?post=1269"},{"taxonomy":"product_tag","embeddable":true,"href":"https:\/\/interesting-banach.172-93-104-170.plesk.page\/index.php\/wp-json\/wp\/v2\/product_tag?post=1269"}],"curies":[{"name":"wp","href":"https:\/\/api.w.org\/{rel}","templated":true}]}}